{"id":7758,"date":"2019-06-23T13:56:36","date_gmt":"2019-06-23T11:56:36","guid":{"rendered":"https:\/\/www.cochemer-rudergesellschaft.de\/?page_id=7758"},"modified":"2026-02-25T10:22:41","modified_gmt":"2026-02-25T09:22:41","slug":"vorstand-der-cochemer-rudergesellschaft-1905","status":"publish","type":"page","link":"https:\/\/www.cochemer-rudergesellschaft.de\/?page_id=7758","title":{"rendered":"Vorstand"},"content":{"rendered":"\n<figure class=\"wp-block-table aligncenter is-style-stripes\"><table><tbody><tr><td><strong>1. Vorsitzender<\/strong><br><img decoding=\"async\" src=\"https:\/\/www.cochemer-rudergesellschaft.de\/wp-content\/uploads\/2019\/05\/131cak-klein-2.jpg\" alt=\"\" style=\"width: 150px;\"><\/td><td><strong>Carsten Peters<\/strong><br>Am Reilsbach 28a<br>56812 Cochem<br>Telefon: 02671 917646<br>vorsitz(at)cochemer-rudergesellschaft.de <\/td><\/tr><tr><td><strong>2. Vorsitzender<\/strong><br><img loading=\"lazy\" decoding=\"async\" width=\"150\" height=\"126\" class=\"wp-image-8573\" style=\"width: 150px;\" src=\"https:\/\/www.cochemer-rudergesellschaft.de\/wp-content\/uploads\/2025\/04\/cropped-A6405796.jpg\" alt=\"\" srcset=\"https:\/\/www.cochemer-rudergesellschaft.de\/wp-content\/uploads\/2025\/04\/cropped-A6405796.jpg 1271w, https:\/\/www.cochemer-rudergesellschaft.de\/wp-content\/uploads\/2025\/04\/cropped-A6405796-300x251.jpg 300w, https:\/\/www.cochemer-rudergesellschaft.de\/wp-content\/uploads\/2025\/04\/cropped-A6405796-1024x857.jpg 1024w, https:\/\/www.cochemer-rudergesellschaft.de\/wp-content\/uploads\/2025\/04\/cropped-A6405796-768x643.jpg 768w, https:\/\/www.cochemer-rudergesellschaft.de\/wp-content\/uploads\/2025\/04\/cropped-A6405796-1232x1031.jpg 1232w\" sizes=\"auto, (max-width: 150px) 100vw, 150px\" \/><br><\/td><td><strong>Wolf-Dieter Sch\u00f6ne<\/strong><br>Brauselaystra\u00dfe 23<br>56812 Cochem<br>Telefon: 02671 9169955 <\/td><\/tr><tr><td><strong>Kassenwart <\/strong><br><img loading=\"lazy\" decoding=\"async\" width=\"150\" height=\"150\" class=\"wp-image-7759\" style=\"width: 150px;\" src=\"https:\/\/www.cochemer-rudergesellschaft.de\/wp-content\/uploads\/2019\/06\/CRG-G113q-11.jpg\" alt=\"\" srcset=\"https:\/\/www.cochemer-rudergesellschaft.de\/wp-content\/uploads\/2019\/06\/CRG-G113q-11.jpg 529w, https:\/\/www.cochemer-rudergesellschaft.de\/wp-content\/uploads\/2019\/06\/CRG-G113q-11-150x150.jpg 150w, https:\/\/www.cochemer-rudergesellschaft.de\/wp-content\/uploads\/2019\/06\/CRG-G113q-11-300x300.jpg 300w\" sizes=\"auto, (max-width: 150px) 100vw, 150px\" \/><\/td><td><strong>Gregor Ammann<\/strong><br>Meisenweg 8<br>56751 Kaisersesch<br>Telefon: 0171 3780931 u. 02653 915121<br>greggammann(at)yahoo.de<\/td><\/tr><tr><td><strong>Materialwart<\/strong><br><img loading=\"lazy\" decoding=\"async\" width=\"150\" height=\"150\" class=\"wp-image-7783\" style=\"width: 150px;\" src=\"https:\/\/www.cochemer-rudergesellschaft.de\/wp-content\/uploads\/2019\/06\/181o-11.jpg\" alt=\"\" srcset=\"https:\/\/www.cochemer-rudergesellschaft.de\/wp-content\/uploads\/2019\/06\/181o-11.jpg 640w, https:\/\/www.cochemer-rudergesellschaft.de\/wp-content\/uploads\/2019\/06\/181o-11-150x150.jpg 150w, https:\/\/www.cochemer-rudergesellschaft.de\/wp-content\/uploads\/2019\/06\/181o-11-300x300.jpg 300w\" sizes=\"auto, (max-width: 150px) 100vw, 150px\" \/><\/td><td><strong>Oliver Boos<\/strong><\/td><\/tr><tr><td><strong>Sportwart<\/strong><br><img loading=\"lazy\" decoding=\"async\" width=\"150\" height=\"127\" class=\"wp-image-8570\" style=\"width: 150px;\" src=\"https:\/\/www.cochemer-rudergesellschaft.de\/wp-content\/uploads\/2025\/04\/cropped-IMG-20250415-WA0000.jpg\" alt=\"\" srcset=\"https:\/\/www.cochemer-rudergesellschaft.de\/wp-content\/uploads\/2025\/04\/cropped-IMG-20250415-WA0000.jpg 1589w, https:\/\/www.cochemer-rudergesellschaft.de\/wp-content\/uploads\/2025\/04\/cropped-IMG-20250415-WA0000-300x254.jpg 300w, https:\/\/www.cochemer-rudergesellschaft.de\/wp-content\/uploads\/2025\/04\/cropped-IMG-20250415-WA0000-1024x869.jpg 1024w, https:\/\/www.cochemer-rudergesellschaft.de\/wp-content\/uploads\/2025\/04\/cropped-IMG-20250415-WA0000-768x652.jpg 768w, https:\/\/www.cochemer-rudergesellschaft.de\/wp-content\/uploads\/2025\/04\/cropped-IMG-20250415-WA0000-1536x1303.jpg 1536w, https:\/\/www.cochemer-rudergesellschaft.de\/wp-content\/uploads\/2025\/04\/cropped-IMG-20250415-WA0000-1232x1045.jpg 1232w, https:\/\/www.cochemer-rudergesellschaft.de\/wp-content\/uploads\/2025\/04\/cropped-IMG-20250415-WA0000-1273x1080.jpg 1273w\" sizes=\"auto, (max-width: 150px) 100vw, 150px\" \/><\/td><td><strong>Rosa-Maria Engel-M\u00f6nch<\/strong><\/td><\/tr><tr><td><strong>Schriftf\u00fchrerin<\/strong><br><img loading=\"lazy\" decoding=\"async\" width=\"150\" height=\"126\" class=\"wp-image-8575\" style=\"width: 150px;\" src=\"https:\/\/www.cochemer-rudergesellschaft.de\/wp-content\/uploads\/2025\/04\/cropped-A6405807.jpg\" alt=\"\" srcset=\"https:\/\/www.cochemer-rudergesellschaft.de\/wp-content\/uploads\/2025\/04\/cropped-A6405807.jpg 1262w, https:\/\/www.cochemer-rudergesellschaft.de\/wp-content\/uploads\/2025\/04\/cropped-A6405807-300x253.jpg 300w, https:\/\/www.cochemer-rudergesellschaft.de\/wp-content\/uploads\/2025\/04\/cropped-A6405807-1024x863.jpg 1024w, https:\/\/www.cochemer-rudergesellschaft.de\/wp-content\/uploads\/2025\/04\/cropped-A6405807-768x648.jpg 768w, https:\/\/www.cochemer-rudergesellschaft.de\/wp-content\/uploads\/2025\/04\/cropped-A6405807-1232x1039.jpg 1232w\" sizes=\"auto, (max-width: 150px) 100vw, 150px\" \/><\/td><td><strong>Monika Gilles<\/strong><\/td><\/tr><tr><td><strong>\u00c4ltestenrat<\/strong><br><img decoding=\"async\" src=\"https:\/\/www.cochemer-rudergesellschaft.de\/wp-content\/uploads\/2020\/07\/cropped-cropped-Flagge-2.jpg\" alt=\"\" style=\"width: 150px;\"><\/td><td><strong>Vera Marx<\/strong><br><strong>Frank Marxen<br>Jens Dorfner <\/strong><\/td><\/tr><tr><td><\/td><td><\/td><\/tr><\/tbody><\/table><\/figure>\n","protected":false},"excerpt":{"rendered":"<p>1. Vorsitzender Carsten PetersAm Reilsbach 28a56812 CochemTelefon: 02671 917646vorsitz(at)cochemer-rudergesellschaft.de 2. Vorsitzender Wolf-Dieter Sch\u00f6neBrauselaystra\u00dfe 2356812 CochemTelefon: 02671 9169955 Kassenwart Gregor AmmannMeisenweg 856751 KaiserseschTelefon: 0171 3780931 u. 02653 915121greggammann(at)yahoo.de Materialwart Oliver Boos Sportwart Rosa-Maria Engel-M\u00f6nch Schriftf\u00fchrerin Monika Gilles \u00c4ltestenrat Vera MarxFrank MarxenJens Dorfner<\/p>\n","protected":false},"author":2,"featured_media":0,"parent":4491,"menu_order":0,"comment_status":"closed","ping_status":"closed","template":"","meta":{"ngg_post_thumbnail":0,"footnotes":""},"class_list":["post-7758","page","type-page","status-publish","hentry"],"jetpack_sharing_enabled":true,"_links":{"self":[{"href":"https:\/\/www.cochemer-rudergesellschaft.de\/index.php?rest_route=\/wp\/v2\/pages\/7758","targetHints":{"allow":["GET"]}}],"collection":[{"href":"https:\/\/www.cochemer-rudergesellschaft.de\/index.php?rest_route=\/wp\/v2\/pages"}],"about":[{"href":"https:\/\/www.cochemer-rudergesellschaft.de\/index.php?rest_route=\/wp\/v2\/types\/page"}],"author":[{"embeddable":true,"href":"https:\/\/www.cochemer-rudergesellschaft.de\/index.php?rest_route=\/wp\/v2\/users\/2"}],"replies":[{"embeddable":true,"href":"https:\/\/www.cochemer-rudergesellschaft.de\/index.php?rest_route=%2Fwp%2Fv2%2Fcomments&post=7758"}],"version-history":[{"count":15,"href":"https:\/\/www.cochemer-rudergesellschaft.de\/index.php?rest_route=\/wp\/v2\/pages\/7758\/revisions"}],"predecessor-version":[{"id":8644,"href":"https:\/\/www.cochemer-rudergesellschaft.de\/index.php?rest_route=\/wp\/v2\/pages\/7758\/revisions\/8644"}],"up":[{"embeddable":true,"href":"https:\/\/www.cochemer-rudergesellschaft.de\/index.php?rest_route=\/wp\/v2\/pages\/4491"}],"wp:attachment":[{"href":"https:\/\/www.cochemer-rudergesellschaft.de\/index.php?rest_route=%2Fwp%2Fv2%2Fmedia&parent=7758"}],"curies":[{"name":"wp","href":"https:\/\/api.w.org\/{rel}","templated":true}]}}